{"id":8,"date":"2014-10-01T19:23:13","date_gmt":"2014-10-01T18:23:13","guid":{"rendered":"http:\/\/www.hotel-georgesand.fr\/en\/?page_id=8"},"modified":"2015-11-03T10:36:30","modified_gmt":"2015-11-03T09:36:30","slug":"mention","status":"publish","type":"page","link":"http:\/\/www.hotel-georgesand.fr\/en\/mention\/","title":{"rendered":"Legal disclaimer"},"content":{"rendered":"<h2>LEGAL INFO<\/h2>\n<p>The H\u00f4tel George Sand own all rights, title and interest in and to this website. The H\u00f4tel George Sand owns all copyrights for all material on this site or has a valid right from a third party to use the material on this website.<\/p>\n<p>No part of this website may be copied, reproduced, republished, uploaded, posted, transmitted or distributed in any way for commercial purposes. This prohibition also includes framing any content from this site on another site, as well as unauthorized linking.<\/p>\n<p>The H\u00f4tel George Sand also owns all trademarks, service marks, trade names, logos and domain names used on or in connection with this website. Any modification or use of the materials from this site for any purpose not explicitly permitted is a violation of the H\u00f4tel George Sand\u2019s copyright and other proprietary rights. Use of material from this site without the H\u00f4tel George Sand&#8217;s prior written consent is strictly prohibited.<\/p>\n<p>There may be third party sites which link to this site. The H\u00f4tel George Sand does not endorse any such site or the goods or services offered on such site. The H\u00f4tel George Sand disclaims all responsibility for the accuracy of any of the information provided on such site and any goods or services provided or purchased from such site. The H\u00f4tel George Sand shall not be held liable or responsible for the content of any sites which link to this site.<\/p>\n<p>Personally identifiable information, including names, addresses, e-mails and the like, is collected on this website only when it is voluntarily provided by a visitor to our site. Transmission of data over the Internet is never guaranteed to be completely secure. It is possible that third parties not under the control of the H\u00f4tel George Sand may be able to access or intercept transmissions or private communications without the H\u00f4tel George Sand permission or knowledge. The H\u00f4tel George Sand takes all steps possible to protect your personal information. However, we cannot ensure or warrant the security of any information you transmit to us.<\/p>\n<p>The H\u00f4tel George Sand takes all possible steps to ensure the accuracy and timeliness of the information included on this site. However, information provided is subject to change at any time without prior notice. Accordingly, the H\u00f4tel George Sand cannot absolutely guarantee the accuracy, completeness or timeliness of the information provided on this site.<\/p>\n<p>The failure on the part of the H\u00f4tel George Sand to enforce any part of these terms of use shall not constitute a waiver of any of the H\u00f4tel George Sand &#8216;s rights hereunder for past or future actions.<\/p>\n<p>The H\u00f4tel George Sand shall not, under any circumstances, including but not limited to negligence, be liable for any special, incidental or consequential damages that result from the disclosure or use of the information or materials on this site.<\/p>\n<p>BY USING THIS SITE, YOU SIGNIFY YOUR UNDERSTANDING AND AGREEMENT TO COMPLY WITH THE ENTIRE PRIVACY POLICY.<\/p>\n<p>\u00a9 H\u00f4tel George Sand 2009, All Rights Reserved<\/p>\n<h2>CREDITS<\/h2>\n<h3>Website credits<\/h3>\n<p>A realization of the <a href=\"http:\/\/www.inei.fr\" target=\"_blank\">ine\u00ef\u00a0<\/a> company \/ Huriel (03)<\/p>\n<h3>Photo credits<\/h3>\n<p>Photographer : Meilleroux Fabien<br \/>\n\u00a9 Photos Hotel George Sand<\/p>\n<h3>Information about the editor and the web host<\/h3>\n<p>Published : MEILLEROUX Josiane Francoise nee MICHEAU<br \/>\nMailing address : 2, rue des Calaubys &#8211; 03380 Huriel, France<br \/>\nPhone : + 33 (0) 4 70 28 60 14<br \/>\nE-mail : contact@hotel-georgesand.fr<br \/>\nRCS : 34819111500016<br \/>\nAPE Code : 5510Z<\/p>\n<p>Hosting : 1&amp;1 Internet SARL<br \/>\nMailing address : 7, place de la Gare &#8211; BP 70109 &#8211; 57201 Sarreguemines Cedex , France<br \/>\nPhone : + 33 (0) 8 25 08 00 20<br \/>\nE-mail : support@1and1.fr<\/p>\n","protected":false},"excerpt":{"rendered":"LEGAL INFO The H\u00f4tel George Sand own all rights, title and interest in and to this website. The H\u00f4tel George Sand owns all copyrights for all material on this site or has a valid right from a third party to use the material on this website. No part of this website may be copied, reproduced,&#8230; <a class=\"view-article\" href=\"http:\/\/www.hotel-georgesand.fr\/en\/mention\/\">View Article<\/a>","protected":false},"author":1,"featured_media":0,"parent":0,"menu_order":0,"comment_status":"open","ping_status":"open","template":"tpl-content-page-simple.php","meta":{"footnotes":""},"class_list":["post-8","page","type-page","status-publish","hentry"],"yoast_head":"<!-- This site is optimized with the Yoast SEO plugin v27.3 - https:\/\/yoast.com\/product\/yoast-seo-wordpress\/ -->\n<title>Legal disclaimer - George Sand Hotel - Huriel (03) - France<\/title>\n<meta name=\"robots\" content=\"index, follow, max-snippet:-1, max-image-preview:large, max-video-preview:-1\" \/>\n<link rel=\"canonical\" href=\"https:\/\/www.hotel-georgesand.fr\/en\/mention\/\" \/>\n<meta property=\"og:locale\" content=\"en_US\" \/>\n<meta property=\"og:type\" content=\"article\" \/>\n<meta property=\"og:title\" content=\"Legal disclaimer - George Sand Hotel - Huriel (03) - France\" \/>\n<meta property=\"og:description\" content=\"LEGAL INFO The H\u00f4tel George Sand own all rights, title and interest in and to this website. The H\u00f4tel George Sand owns all copyrights for all material on this site or has a valid right from a third party to use the material on this website. No part of this website may be copied, reproduced,... View Article\" \/>\n<meta property=\"og:url\" content=\"https:\/\/www.hotel-georgesand.fr\/en\/mention\/\" \/>\n<meta property=\"og:site_name\" content=\"George Sand Hotel - Huriel (03) - France\" \/>\n<meta property=\"article:modified_time\" content=\"2015-11-03T09:36:30+00:00\" \/>\n<meta name=\"twitter:card\" content=\"summary_large_image\" \/>\n<meta name=\"twitter:label1\" content=\"Est. reading time\" \/>\n\t<meta name=\"twitter:data1\" content=\"3 minutes\" \/>\n<script type=\"application\/ld+json\" class=\"yoast-schema-graph\">{\"@context\":\"https:\\\/\\\/schema.org\",\"@graph\":[{\"@type\":\"WebPage\",\"@id\":\"https:\\\/\\\/www.hotel-georgesand.fr\\\/en\\\/mention\\\/\",\"url\":\"https:\\\/\\\/www.hotel-georgesand.fr\\\/en\\\/mention\\\/\",\"name\":\"Legal disclaimer - George Sand Hotel - Huriel (03) - France\",\"isPartOf\":{\"@id\":\"http:\\\/\\\/www.hotel-georgesand.fr\\\/en\\\/#website\"},\"datePublished\":\"2014-10-01T18:23:13+00:00\",\"dateModified\":\"2015-11-03T09:36:30+00:00\",\"breadcrumb\":{\"@id\":\"https:\\\/\\\/www.hotel-georgesand.fr\\\/en\\\/mention\\\/#breadcrumb\"},\"inLanguage\":\"en-US\",\"potentialAction\":[{\"@type\":\"ReadAction\",\"target\":[\"https:\\\/\\\/www.hotel-georgesand.fr\\\/en\\\/mention\\\/\"]}]},{\"@type\":\"BreadcrumbList\",\"@id\":\"https:\\\/\\\/www.hotel-georgesand.fr\\\/en\\\/mention\\\/#breadcrumb\",\"itemListElement\":[{\"@type\":\"ListItem\",\"position\":1,\"name\":\"Accueil\",\"item\":\"http:\\\/\\\/www.hotel-georgesand.fr\\\/en\\\/\"},{\"@type\":\"ListItem\",\"position\":2,\"name\":\"Legal disclaimer\"}]},{\"@type\":\"WebSite\",\"@id\":\"http:\\\/\\\/www.hotel-georgesand.fr\\\/en\\\/#website\",\"url\":\"http:\\\/\\\/www.hotel-georgesand.fr\\\/en\\\/\",\"name\":\"George Sand Hotel - Huriel (03) - France\",\"description\":\"Hotel, Restaurant, Cafe in Huriel, in the Auvergne region\",\"potentialAction\":[{\"@type\":\"SearchAction\",\"target\":{\"@type\":\"EntryPoint\",\"urlTemplate\":\"http:\\\/\\\/www.hotel-georgesand.fr\\\/en\\\/?s={search_term_string}\"},\"query-input\":{\"@type\":\"PropertyValueSpecification\",\"valueRequired\":true,\"valueName\":\"search_term_string\"}}],\"inLanguage\":\"en-US\"}]}<\/script>\n<!-- \/ Yoast SEO plugin. -->","yoast_head_json":{"title":"Legal disclaimer - George Sand Hotel - Huriel (03) - France","robots":{"index":"index","follow":"follow","max-snippet":"max-snippet:-1","max-image-preview":"max-image-preview:large","max-video-preview":"max-video-preview:-1"},"canonical":"https:\/\/www.hotel-georgesand.fr\/en\/mention\/","og_locale":"en_US","og_type":"article","og_title":"Legal disclaimer - George Sand Hotel - Huriel (03) - France","og_description":"LEGAL INFO The H\u00f4tel George Sand own all rights, title and interest in and to this website. The H\u00f4tel George Sand owns all copyrights for all material on this site or has a valid right from a third party to use the material on this website. No part of this website may be copied, reproduced,... View Article","og_url":"https:\/\/www.hotel-georgesand.fr\/en\/mention\/","og_site_name":"George Sand Hotel - Huriel (03) - France","article_modified_time":"2015-11-03T09:36:30+00:00","twitter_card":"summary_large_image","twitter_misc":{"Est. reading time":"3 minutes"},"schema":{"@context":"https:\/\/schema.org","@graph":[{"@type":"WebPage","@id":"https:\/\/www.hotel-georgesand.fr\/en\/mention\/","url":"https:\/\/www.hotel-georgesand.fr\/en\/mention\/","name":"Legal disclaimer - George Sand Hotel - Huriel (03) - France","isPartOf":{"@id":"http:\/\/www.hotel-georgesand.fr\/en\/#website"},"datePublished":"2014-10-01T18:23:13+00:00","dateModified":"2015-11-03T09:36:30+00:00","breadcrumb":{"@id":"https:\/\/www.hotel-georgesand.fr\/en\/mention\/#breadcrumb"},"inLanguage":"en-US","potentialAction":[{"@type":"ReadAction","target":["https:\/\/www.hotel-georgesand.fr\/en\/mention\/"]}]},{"@type":"BreadcrumbList","@id":"https:\/\/www.hotel-georgesand.fr\/en\/mention\/#breadcrumb","itemListElement":[{"@type":"ListItem","position":1,"name":"Accueil","item":"http:\/\/www.hotel-georgesand.fr\/en\/"},{"@type":"ListItem","position":2,"name":"Legal disclaimer"}]},{"@type":"WebSite","@id":"http:\/\/www.hotel-georgesand.fr\/en\/#website","url":"http:\/\/www.hotel-georgesand.fr\/en\/","name":"George Sand Hotel - Huriel (03) - France","description":"Hotel, Restaurant, Cafe in Huriel, in the Auvergne region","potentialAction":[{"@type":"SearchAction","target":{"@type":"EntryPoint","urlTemplate":"http:\/\/www.hotel-georgesand.fr\/en\/?s={search_term_string}"},"query-input":{"@type":"PropertyValueSpecification","valueRequired":true,"valueName":"search_term_string"}}],"inLanguage":"en-US"}]}},"_links":{"self":[{"href":"http:\/\/www.hotel-georgesand.fr\/en\/wp-json\/wp\/v2\/pages\/8","targetHints":{"allow":["GET"]}}],"collection":[{"href":"http:\/\/www.hotel-georgesand.fr\/en\/wp-json\/wp\/v2\/pages"}],"about":[{"href":"http:\/\/www.hotel-georgesand.fr\/en\/wp-json\/wp\/v2\/types\/page"}],"author":[{"embeddable":true,"href":"http:\/\/www.hotel-georgesand.fr\/en\/wp-json\/wp\/v2\/users\/1"}],"replies":[{"embeddable":true,"href":"http:\/\/www.hotel-georgesand.fr\/en\/wp-json\/wp\/v2\/comments?post=8"}],"version-history":[{"count":6,"href":"http:\/\/www.hotel-georgesand.fr\/en\/wp-json\/wp\/v2\/pages\/8\/revisions"}],"predecessor-version":[{"id":81,"href":"http:\/\/www.hotel-georgesand.fr\/en\/wp-json\/wp\/v2\/pages\/8\/revisions\/81"}],"wp:attachment":[{"href":"http:\/\/www.hotel-georgesand.fr\/en\/wp-json\/wp\/v2\/media?parent=8"}],"curies":[{"name":"wp","href":"https:\/\/api.w.org\/{rel}","templated":true}]}}